{"id":17,"date":"2011-06-28T23:41:31","date_gmt":"2011-06-28T22:41:31","guid":{"rendered":"http:\/\/www.voilco-aster.fr\/blog-sejours-vacances\/?page_id=17"},"modified":"2014-01-04T17:09:26","modified_gmt":"2014-01-04T16:09:26","slug":"a-propos","status":"publish","type":"page","link":"https:\/\/www.voilco-aster.fr\/blog-sejours-vacances\/a-propos\/","title":{"rendered":"A propos"},"content":{"rendered":"<p>Ce blog est d\u00e9di\u00e9 aux s\u00e9jours \u00e9t\u00e9 de l\u2019association Voilco-Aster. Il est destin\u00e9 aux parents dont les enfants sont en vacances sur nos centres de Saint Priest de Gimel et de Viam en Corr\u00e8ze. Vous trouverez r\u00e9guli\u00e8rement de nouvelles photos et quelques informations sur le d\u00e9roulement des s\u00e9jours.<\/p>\n<p>Nous attachons une importance particuli\u00e8re au droit \u00e0 l\u2019image, c\u2019est pourquoi aucune photo individuelle de vos enfants ne sera publi\u00e9e. Les photos repr\u00e9sentent volontairement des groupes d\u2019enfants ou sont prises de dos. Si toutefois, vous souhaitez qu\u2019une des photos de ce blog n\u2019apparaisse plus,\u00a0<a title=\"Contacter le webmestre\" href=\"http:\/\/www.voilco-aster.fr\/contact-webmestre\/\">contactez-moi ici<\/a>.<\/p>\n<p>Bonne visite !<\/p>\n","protected":false},"excerpt":{"rendered":"<p>Ce blog est d\u00e9di\u00e9 aux s\u00e9jours \u00e9t\u00e9 de l\u2019association Voilco-Aster. Il est destin\u00e9 aux parents dont les enfants sont en vacances sur nos centres de Saint Priest de Gimel et de Viam en Corr\u00e8ze. Vous trouverez r\u00e9guli\u00e8rement de nouvelles photos et quelques informations sur le d\u00e9roulement des s\u00e9jours. Nous attachons une importance particuli\u00e8re au droit &hellip; <a href=\"https:\/\/www.voilco-aster.fr\/blog-sejours-vacances\/a-propos\/\" class=\"more-link\">Continuer la lecture de <span class=\"screen-reader-text\">A propos<\/span><\/a><\/p>\n","protected":false},"author":1,"featured_media":0,"parent":0,"menu_order":0,"comment_status":"closed","ping_status":"closed","template":"","meta":{"footnotes":""},"class_list":["post-17","page","type-page","status-publish","hentry"],"_links":{"self":[{"href":"https:\/\/www.voilco-aster.fr\/blog-sejours-vacances\/wp-json\/wp\/v2\/pages\/17","targetHints":{"allow":["GET"]}}],"collection":[{"href":"https:\/\/www.voilco-aster.fr\/blog-sejours-vacances\/wp-json\/wp\/v2\/pages"}],"about":[{"href":"https:\/\/www.voilco-aster.fr\/blog-sejours-vacances\/wp-json\/wp\/v2\/types\/page"}],"author":[{"embeddable":true,"href":"https:\/\/www.voilco-aster.fr\/blog-sejours-vacances\/wp-json\/wp\/v2\/users\/1"}],"replies":[{"embeddable":true,"href":"https:\/\/www.voilco-aster.fr\/blog-sejours-vacances\/wp-json\/wp\/v2\/comments?post=17"}],"version-history":[{"count":2,"href":"https:\/\/www.voilco-aster.fr\/blog-sejours-vacances\/wp-json\/wp\/v2\/pages\/17\/revisions"}],"predecessor-version":[{"id":2452,"href":"https:\/\/www.voilco-aster.fr\/blog-sejours-vacances\/wp-json\/wp\/v2\/pages\/17\/revisions\/2452"}],"wp:attachment":[{"href":"https:\/\/www.voilco-aster.fr\/blog-sejours-vacances\/wp-json\/wp\/v2\/media?parent=17"}],"curies":[{"name":"wp","href":"https:\/\/api.w.org\/{rel}","templated":true}]}}